{"id":1423,"date":"2023-11-19T17:33:35","date_gmt":"2023-11-19T17:33:35","guid":{"rendered":"http:\/\/globotrip.ch\/?page_id=1423"},"modified":"2024-12-13T22:22:26","modified_gmt":"2024-12-13T22:22:26","slug":"kashmirreise-24","status":"publish","type":"page","link":"http:\/\/globotrip.ch\/index.php\/reisewelt\/kashmirreise-24\/","title":{"rendered":"Kashmir Trip 2024"},"content":{"rendered":"\n<figure class=\"wp-block-image size-large\"><a href=\"http:\/\/globotrip.ch\/globopress\/wp-content\/uploads\/2024\/12\/Indienkarte8_24.jpeg\"><img loading=\"lazy\" decoding=\"async\" width=\"720\" height=\"512\" src=\"http:\/\/globotrip.ch\/globopress\/wp-content\/uploads\/2024\/12\/Indienkarte8_24-720x512.jpeg\" alt=\"\" class=\"wp-image-2050\" srcset=\"http:\/\/globotrip.ch\/globopress\/wp-content\/uploads\/2024\/12\/Indienkarte8_24-720x512.jpeg 720w, http:\/\/globotrip.ch\/globopress\/wp-content\/uploads\/2024\/12\/Indienkarte8_24-300x214.jpeg 300w, http:\/\/globotrip.ch\/globopress\/wp-content\/uploads\/2024\/12\/Indienkarte8_24-768x547.jpeg 768w, http:\/\/globotrip.ch\/globopress\/wp-content\/uploads\/2024\/12\/Indienkarte8_24.jpeg 940w\" sizes=\"auto, (max-width: 720px) 100vw, 720px\" \/><\/a><\/figure>\n\n\n\n<p><strong><a href=\"http:\/\/globotrip.ch\/index.php\/reisewelt\/kashmirreise-24\/heimreise-ueber-afghanistan\/\" data-type=\"page\" data-id=\"1948\">Link zur Heimreise durch Afghanistan<\/a><\/strong><\/p>\n\n\n\n<p><strong><a href=\"http:\/\/globotrip.ch\/index.php\/reisewelt\/kashmirreise-24\/restindien-und-pakistan\/\" data-type=\"page\" data-id=\"1876\" target=\"_blank\" rel=\"noreferrer noopener\">Link zu Restindien und Pakistan<\/a><\/strong><\/p>\n\n\n\n<p><a href=\"http:\/\/globotrip.ch\/index.php\/reisewelt\/kashmirreise-24\/himalaya\/\" data-type=\"page\" data-id=\"1773\"><strong>Link zu Himalaya<\/strong><\/a><\/p>\n\n\n\n<p><strong><a href=\"http:\/\/globotrip.ch\/index.php\/reisewelt\/kashmirreise-24\/bhutan-und-nepal\/\" data-type=\"page\" data-id=\"1678\">Link zu Bhutan und Nepal<\/a><\/strong> <\/p>\n\n\n\n<p><a href=\"http:\/\/globotrip.ch\/index.php\/reisewelt\/kashmirreise-24\/anreise-delhi\/\" data-type=\"page\" data-id=\"1652\"><strong>Link zu Anreise Delhi<\/strong><\/a><\/p>\n\n\n\n<p><a href=\"http:\/\/globotrip.ch\/index.php\/reisewelt\/kashmirreise-24\/suedindien\/\" data-type=\"page\" data-id=\"1595\"><strong>Link zu S\u00fcdindien<\/strong><\/a><\/p>\n\n\n\n<p><a href=\"http:\/\/globotrip.ch\/index.php\/reisewelt\/kashmirreise-24\/indienreise-zollprozess-toyota\/\" data-type=\"page\" data-id=\"1539\"><strong>Link zum Zollprozess unseres Toyota<\/strong><\/a><\/p>\n\n\n\n<p><strong><a href=\"http:\/\/globotrip.ch\/index.php\/reisewelt\/kashmirreise-24\/indien-anreise-2024\/\" data-type=\"page\" data-id=\"1521\">Link zur Indien Anreise<\/a><\/strong><\/p>\n\n\n\n<p><strong>Aktueller Stand: <\/strong>Nach dem Abenteuer mit dem Passverlust in Afghanistan hielt die restliche <br>R\u00fcckreise durch die T\u00fcrkei und Griechenland keine \u00dcberraschungen mehr bereit. In Griechenland<br>g\u00f6nnten wir uns 10 Tage Ferien bevor wir in die kalte Schweiz zur\u00fcckkehrten.<\/p>\n\n\n\n<p><strong>Detaillierte Reise in Indien gem\u00e4ss unserer Reise Know-How Planungskarte:<\/strong><\/p>\n\n\n\n<figure class=\"wp-block-image size-large\"><a href=\"http:\/\/globotrip.ch\/globopress\/wp-content\/uploads\/2024\/09\/India-Nord-24-scaled.jpg\" target=\"_blank\" rel=\"noreferrer noopener\"><img loading=\"lazy\" decoding=\"async\" width=\"720\" height=\"482\" src=\"http:\/\/globotrip.ch\/globopress\/wp-content\/uploads\/2024\/09\/India-Nord-24-720x482.jpg\" alt=\"\" class=\"wp-image-1885\" srcset=\"http:\/\/globotrip.ch\/globopress\/wp-content\/uploads\/2024\/09\/India-Nord-24-720x482.jpg 720w, http:\/\/globotrip.ch\/globopress\/wp-content\/uploads\/2024\/09\/India-Nord-24-300x201.jpg 300w, http:\/\/globotrip.ch\/globopress\/wp-content\/uploads\/2024\/09\/India-Nord-24-768x514.jpg 768w, http:\/\/globotrip.ch\/globopress\/wp-content\/uploads\/2024\/09\/India-Nord-24-1536x1029.jpg 1536w, http:\/\/globotrip.ch\/globopress\/wp-content\/uploads\/2024\/09\/India-Nord-24-2048x1372.jpg 2048w\" sizes=\"auto, (max-width: 720px) 100vw, 720px\" \/><\/a><\/figure>\n\n\n\n<figure class=\"wp-block-image size-large\"><a href=\"http:\/\/globotrip.ch\/globopress\/wp-content\/uploads\/2024\/08\/Map_India_South_24-scaled.jpg\" target=\"_blank\" rel=\"noreferrer noopener\"><img loading=\"lazy\" decoding=\"async\" width=\"720\" height=\"529\" src=\"http:\/\/globotrip.ch\/globopress\/wp-content\/uploads\/2024\/08\/Map_India_South_24-720x529.jpg\" alt=\"\" class=\"wp-image-1782\" srcset=\"http:\/\/globotrip.ch\/globopress\/wp-content\/uploads\/2024\/08\/Map_India_South_24-720x529.jpg 720w, http:\/\/globotrip.ch\/globopress\/wp-content\/uploads\/2024\/08\/Map_India_South_24-300x221.jpg 300w, http:\/\/globotrip.ch\/globopress\/wp-content\/uploads\/2024\/08\/Map_India_South_24-768x565.jpg 768w, http:\/\/globotrip.ch\/globopress\/wp-content\/uploads\/2024\/08\/Map_India_South_24-1536x1130.jpg 1536w, http:\/\/globotrip.ch\/globopress\/wp-content\/uploads\/2024\/08\/Map_India_South_24-2048x1506.jpg 2048w\" sizes=\"auto, (max-width: 720px) 100vw, 720px\" \/><\/a><\/figure>\n","protected":false},"excerpt":{"rendered":"<p>Link zur Heimreise durch Afghanistan Link zu Restindien und Pakistan Link zu Himalaya Link zu Bhutan und Nepal Link zu Anreise Delhi Link zu S\u00fcdindien Link zum Zollprozess unseres Toyota Link zur Indien Anreise Aktueller Stand: Nach dem Abenteuer mit dem Passverlust in Afghanistan hielt die restliche R\u00fcckreise durch die T\u00fcrkei und Griechenland keine \u00dcberraschungen [&hellip;]<\/p>\n","protected":false},"author":2,"featured_media":0,"parent":18,"menu_order":0,"comment_status":"closed","ping_status":"closed","template":"","meta":{"footnotes":""},"class_list":["post-1423","page","type-page","status-publish","hentry"],"_links":{"self":[{"href":"http:\/\/globotrip.ch\/index.php\/wp-json\/wp\/v2\/pages\/1423","targetHints":{"allow":["GET"]}}],"collection":[{"href":"http:\/\/globotrip.ch\/index.php\/wp-json\/wp\/v2\/pages"}],"about":[{"href":"http:\/\/globotrip.ch\/index.php\/wp-json\/wp\/v2\/types\/page"}],"author":[{"embeddable":true,"href":"http:\/\/globotrip.ch\/index.php\/wp-json\/wp\/v2\/users\/2"}],"replies":[{"embeddable":true,"href":"http:\/\/globotrip.ch\/index.php\/wp-json\/wp\/v2\/comments?post=1423"}],"version-history":[{"count":48,"href":"http:\/\/globotrip.ch\/index.php\/wp-json\/wp\/v2\/pages\/1423\/revisions"}],"predecessor-version":[{"id":2052,"href":"http:\/\/globotrip.ch\/index.php\/wp-json\/wp\/v2\/pages\/1423\/revisions\/2052"}],"up":[{"embeddable":true,"href":"http:\/\/globotrip.ch\/index.php\/wp-json\/wp\/v2\/pages\/18"}],"wp:attachment":[{"href":"http:\/\/globotrip.ch\/index.php\/wp-json\/wp\/v2\/media?parent=1423"}],"curies":[{"name":"wp","href":"https:\/\/api.w.org\/{rel}","templated":true}]}}